{"id":481,"date":"2025-07-30T20:03:20","date_gmt":"2025-07-30T20:03:20","guid":{"rendered":"https:\/\/www.mavlastedit.cz\/?page_id=481"},"modified":"2026-03-25T10:52:43","modified_gmt":"2026-03-25T10:52:43","slug":"tvurci","status":"publish","type":"page","link":"https:\/\/www.mavlastedit.cz\/en\/tvurci\/","title":{"rendered":"Tv\u016frce"},"content":{"rendered":"<div data-elementor-type=\"wp-page\" data-elementor-id=\"481\" class=\"elementor elementor-481\" data-elementor-settings=\"{&quot;ha_cmc_init_switcher&quot;:&quot;no&quot;}\" wpc-filter-elementor-widget=\"1\" data-elementor-post-type=\"page\">\n\t\t\t\t<div class=\"elementor-element elementor-element-dc80e47 e-flex e-con-boxed e-con e-parent\" data-id=\"dc80e47\" data-element_type=\"container\" data-settings=\"{&quot;_ha_eqh_enable&quot;:false}\">\n\t\t\t\t\t<div class=\"e-con-inner\">\n\t\t\t\t\t<\/div>\n\t\t\t\t<\/div>\n\t\t<div class=\"elementor-element elementor-element-7400a412 e-flex e-con-boxed e-con e-parent\" data-id=\"7400a412\" data-element_type=\"container\" data-settings=\"{&quot;_ha_eqh_enable&quot;:false}\">\n\t\t\t\t\t<div class=\"e-con-inner\">\n\t\t<div class=\"elementor-element elementor-element-6b18942e e-flex e-con-boxed e-con e-child\" data-id=\"6b18942e\" data-element_type=\"container\" data-settings=\"{&quot;_ha_eqh_enable&quot;:false}\">\n\t\t\t\t\t<div class=\"e-con-inner\">\n\t\t\t\t<div class=\"elementor-element elementor-element-bac62ef elementor-widget elementor-widget-heading\" data-id=\"bac62ef\" data-element_type=\"widget\" data-widget_type=\"heading.default\">\n\t\t\t\t\t<h1 class=\"elementor-heading-title elementor-size-default\">designers<\/h1>\t\t\t\t<\/div>\n\t\t\t\t<div class=\"elementor-element elementor-element-57b3396d elementor-widget elementor-widget-text-editor\" data-id=\"57b3396d\" data-element_type=\"widget\" data-widget_type=\"text-editor.default\">\n\t\t\t\t\t\t\t\t\t<p>We present the designers, brands, and artists you will meet at M\u00e1 vlast EDIT 08.<\/p>\t\t\t\t\t\t\t\t<\/div>\n\t\t\t\t\t<\/div>\n\t\t\t\t<\/div>\n\t\t\t\t<div class=\"elementor-element elementor-element-346c356 elementor-widget elementor-widget-shortcode\" data-id=\"346c356\" data-element_type=\"widget\" data-widget_type=\"shortcode.default\">\n\t\t\t\t\t\t\t<div class=\"elementor-shortcode\"><\/div>\n\t\t\t\t\t\t<\/div>\n\t\t\t\t<div class=\"elementor-element elementor-element-780b3c66 elementor-widget-mobile__width-inherit elementor-grid-3 elementor-grid-tablet-2 elementor-grid-mobile-1 elementor-posts--thumbnail-top elementor-card-shadow-yes elementor-posts__hover-gradient elementor-widget elementor-widget-posts\" data-id=\"780b3c66\" data-element_type=\"widget\" data-settings=\"{&quot;cards_row_gap&quot;:{&quot;unit&quot;:&quot;px&quot;,&quot;size&quot;:18,&quot;sizes&quot;:[]},&quot;pagination_type&quot;:&quot;numbers&quot;,&quot;cards_columns&quot;:&quot;3&quot;,&quot;cards_columns_tablet&quot;:&quot;2&quot;,&quot;cards_columns_mobile&quot;:&quot;1&quot;,&quot;cards_row_gap_tablet&quot;:{&quot;unit&quot;:&quot;px&quot;,&quot;size&quot;:&quot;&quot;,&quot;sizes&quot;:[]},&quot;cards_row_gap_mobile&quot;:{&quot;unit&quot;:&quot;px&quot;,&quot;size&quot;:&quot;&quot;,&quot;sizes&quot;:[]}}\" data-widget_type=\"posts.cards\">\n\t\t\t\t<div class=\"elementor-widget-container\">\n\t\t\t\t\t\t\t<div class=\"elementor-posts-container elementor-posts elementor-posts--skin-cards elementor-grid\" role=\"list\">\n\t\t\t\t<article class=\"elementor-post elementor-grid-item post-816 post type-post status-publish format-standard has-post-thumbnail hentry category-designeri\" role=\"listitem\">\n\t\t\t<div class=\"elementor-post__card\">\n\t\t\t\t<a class=\"elementor-post__thumbnail__link\" href=\"https:\/\/www.mavlastedit.cz\/en\/anna-rusinova\/\" tabindex=\"-1\" ><div class=\"elementor-post__thumbnail\"><img fetchpriority=\"high\" decoding=\"async\" width=\"300\" height=\"200\" src=\"https:\/\/www.mavlastedit.cz\/wp-content\/uploads\/2025\/08\/7I3A8517-1-1-300x200.jpg\" class=\"attachment-medium size-medium wp-image-1002\" alt=\"\" srcset=\"https:\/\/www.mavlastedit.cz\/wp-content\/uploads\/2025\/08\/7I3A8517-1-1-300x200.jpg 300w, https:\/\/www.mavlastedit.cz\/wp-content\/uploads\/2025\/08\/7I3A8517-1-1-1024x683.jpg 1024w, https:\/\/www.mavlastedit.cz\/wp-content\/uploads\/2025\/08\/7I3A8517-1-1-768x512.jpg 768w, https:\/\/www.mavlastedit.cz\/wp-content\/uploads\/2025\/08\/7I3A8517-1-1-1536x1024.jpg 1536w, https:\/\/www.mavlastedit.cz\/wp-content\/uploads\/2025\/08\/7I3A8517-1-1-2048x1365.jpg 2048w\" sizes=\"(max-width: 300px) 100vw, 300px\" \/><\/div><\/a>\n\t\t\t\t<div class=\"elementor-post__text\">\n\t\t\t\t<h2 class=\"elementor-post__title\">\n\t\t\t<a href=\"https:\/\/www.mavlastedit.cz\/en\/anna-rusinova\/\" >\n\t\t\t\tANNA RUS\u00cdNOV\u00c1\t\t\t<\/a>\n\t\t<\/h2>\n\t\t\t\t<\/div>\n\t\t\t\t\t<\/div>\n\t\t<\/article>\n\t\t\t\t<article class=\"elementor-post elementor-grid-item post-813 post type-post status-publish format-standard has-post-thumbnail hentry category-designeri\" role=\"listitem\">\n\t\t\t<div class=\"elementor-post__card\">\n\t\t\t\t<a class=\"elementor-post__thumbnail__link\" href=\"https:\/\/www.mavlastedit.cz\/en\/daniela-peskova\/\" tabindex=\"-1\" ><div class=\"elementor-post__thumbnail\"><img decoding=\"async\" width=\"300\" height=\"200\" src=\"https:\/\/www.mavlastedit.cz\/wp-content\/uploads\/2025\/08\/DANIELA-PESKOVA-300x200.png\" class=\"attachment-medium size-medium wp-image-999\" alt=\"\" srcset=\"https:\/\/www.mavlastedit.cz\/wp-content\/uploads\/2025\/08\/DANIELA-PESKOVA-300x200.png 300w, https:\/\/www.mavlastedit.cz\/wp-content\/uploads\/2025\/08\/DANIELA-PESKOVA-1024x683.png 1024w, https:\/\/www.mavlastedit.cz\/wp-content\/uploads\/2025\/08\/DANIELA-PESKOVA-768x512.png 768w, https:\/\/www.mavlastedit.cz\/wp-content\/uploads\/2025\/08\/DANIELA-PESKOVA-1536x1024.png 1536w, https:\/\/www.mavlastedit.cz\/wp-content\/uploads\/2025\/08\/DANIELA-PESKOVA-2048x1366.png 2048w\" sizes=\"(max-width: 300px) 100vw, 300px\" \/><\/div><\/a>\n\t\t\t\t<div class=\"elementor-post__text\">\n\t\t\t\t<h2 class=\"elementor-post__title\">\n\t\t\t<a href=\"https:\/\/www.mavlastedit.cz\/en\/daniela-peskova\/\" >\n\t\t\t\tDANIELA PE\u0160KOV\u00c1\t\t\t<\/a>\n\t\t<\/h2>\n\t\t\t\t<\/div>\n\t\t\t\t\t<\/div>\n\t\t<\/article>\n\t\t\t\t<article class=\"elementor-post elementor-grid-item post-797 post type-post status-publish format-standard has-post-thumbnail hentry category-designeri\" role=\"listitem\">\n\t\t\t<div class=\"elementor-post__card\">\n\t\t\t\t<a class=\"elementor-post__thumbnail__link\" href=\"https:\/\/www.mavlastedit.cz\/en\/denisa-volakova\/\" tabindex=\"-1\" ><div class=\"elementor-post__thumbnail\"><img decoding=\"async\" width=\"300\" height=\"200\" src=\"https:\/\/www.mavlastedit.cz\/wp-content\/uploads\/2025\/08\/DENIS-VOLAKOVA-300x200.jpg\" class=\"attachment-medium size-medium wp-image-989\" alt=\"\" srcset=\"https:\/\/www.mavlastedit.cz\/wp-content\/uploads\/2025\/08\/DENIS-VOLAKOVA-300x200.jpg 300w, https:\/\/www.mavlastedit.cz\/wp-content\/uploads\/2025\/08\/DENIS-VOLAKOVA-1024x683.jpg 1024w, https:\/\/www.mavlastedit.cz\/wp-content\/uploads\/2025\/08\/DENIS-VOLAKOVA-768x512.jpg 768w, https:\/\/www.mavlastedit.cz\/wp-content\/uploads\/2025\/08\/DENIS-VOLAKOVA-1536x1024.jpg 1536w, https:\/\/www.mavlastedit.cz\/wp-content\/uploads\/2025\/08\/DENIS-VOLAKOVA.jpg 1830w\" sizes=\"(max-width: 300px) 100vw, 300px\" \/><\/div><\/a>\n\t\t\t\t<div class=\"elementor-post__text\">\n\t\t\t\t<h2 class=\"elementor-post__title\">\n\t\t\t<a href=\"https:\/\/www.mavlastedit.cz\/en\/denisa-volakova\/\" >\n\t\t\t\tDENISA VOL\u00c1KOV\u00c1\t\t\t<\/a>\n\t\t<\/h2>\n\t\t\t\t<\/div>\n\t\t\t\t\t<\/div>\n\t\t<\/article>\n\t\t\t\t<article class=\"elementor-post elementor-grid-item post-807 post type-post status-publish format-standard has-post-thumbnail hentry category-designeri\" role=\"listitem\">\n\t\t\t<div class=\"elementor-post__card\">\n\t\t\t\t<a class=\"elementor-post__thumbnail__link\" href=\"https:\/\/www.mavlastedit.cz\/en\/dita-lesovska\/\" tabindex=\"-1\" ><div class=\"elementor-post__thumbnail\"><img loading=\"lazy\" decoding=\"async\" width=\"300\" height=\"200\" src=\"https:\/\/www.mavlastedit.cz\/wp-content\/uploads\/2025\/08\/DITA-LESOVSKA-300x200.jpg\" class=\"attachment-medium size-medium wp-image-994\" alt=\"\" srcset=\"https:\/\/www.mavlastedit.cz\/wp-content\/uploads\/2025\/08\/DITA-LESOVSKA-300x200.jpg 300w, https:\/\/www.mavlastedit.cz\/wp-content\/uploads\/2025\/08\/DITA-LESOVSKA-1024x683.jpg 1024w, https:\/\/www.mavlastedit.cz\/wp-content\/uploads\/2025\/08\/DITA-LESOVSKA-768x512.jpg 768w, https:\/\/www.mavlastedit.cz\/wp-content\/uploads\/2025\/08\/DITA-LESOVSKA-1536x1024.jpg 1536w, https:\/\/www.mavlastedit.cz\/wp-content\/uploads\/2025\/08\/DITA-LESOVSKA-2048x1365.jpg 2048w\" sizes=\"(max-width: 300px) 100vw, 300px\" \/><\/div><\/a>\n\t\t\t\t<div class=\"elementor-post__text\">\n\t\t\t\t<h2 class=\"elementor-post__title\">\n\t\t\t<a href=\"https:\/\/www.mavlastedit.cz\/en\/dita-lesovska\/\" >\n\t\t\t\tDITA LE\u0160OVSK\u00c1\t\t\t<\/a>\n\t\t<\/h2>\n\t\t\t\t<\/div>\n\t\t\t\t\t<\/div>\n\t\t<\/article>\n\t\t\t\t<article class=\"elementor-post elementor-grid-item post-767 post type-post status-publish format-standard has-post-thumbnail hentry category-designeri\" role=\"listitem\">\n\t\t\t<div class=\"elementor-post__card\">\n\t\t\t\t<a class=\"elementor-post__thumbnail__link\" href=\"https:\/\/www.mavlastedit.cz\/en\/galya-sargsyan\/\" tabindex=\"-1\" ><div class=\"elementor-post__thumbnail\"><img loading=\"lazy\" decoding=\"async\" width=\"300\" height=\"200\" src=\"https:\/\/www.mavlastedit.cz\/wp-content\/uploads\/2025\/08\/Galya-Sargsyan-Product-2022_06_1025531-1-300x200.jpg\" class=\"attachment-medium size-medium wp-image-986\" alt=\"\" srcset=\"https:\/\/www.mavlastedit.cz\/wp-content\/uploads\/2025\/08\/Galya-Sargsyan-Product-2022_06_1025531-1-300x200.jpg 300w, https:\/\/www.mavlastedit.cz\/wp-content\/uploads\/2025\/08\/Galya-Sargsyan-Product-2022_06_1025531-1-1024x683.jpg 1024w, https:\/\/www.mavlastedit.cz\/wp-content\/uploads\/2025\/08\/Galya-Sargsyan-Product-2022_06_1025531-1-768x512.jpg 768w, https:\/\/www.mavlastedit.cz\/wp-content\/uploads\/2025\/08\/Galya-Sargsyan-Product-2022_06_1025531-1-1536x1024.jpg 1536w, https:\/\/www.mavlastedit.cz\/wp-content\/uploads\/2025\/08\/Galya-Sargsyan-Product-2022_06_1025531-1.jpg 1600w\" sizes=\"(max-width: 300px) 100vw, 300px\" \/><\/div><\/a>\n\t\t\t\t<div class=\"elementor-post__text\">\n\t\t\t\t<h2 class=\"elementor-post__title\">\n\t\t\t<a href=\"https:\/\/www.mavlastedit.cz\/en\/galya-sargsyan\/\" >\n\t\t\t\tGALYA SARGSYAN\t\t\t<\/a>\n\t\t<\/h2>\n\t\t\t\t<\/div>\n\t\t\t\t\t<\/div>\n\t\t<\/article>\n\t\t\t\t<article class=\"elementor-post elementor-grid-item post-759 post type-post status-publish format-standard has-post-thumbnail hentry category-designeri\" role=\"listitem\">\n\t\t\t<div class=\"elementor-post__card\">\n\t\t\t\t<a class=\"elementor-post__thumbnail__link\" href=\"https:\/\/www.mavlastedit.cz\/en\/hana-valtova\/\" tabindex=\"-1\" ><div class=\"elementor-post__thumbnail\"><img loading=\"lazy\" decoding=\"async\" width=\"300\" height=\"200\" src=\"https:\/\/www.mavlastedit.cz\/wp-content\/uploads\/2025\/08\/HanaValtova-1-300x200.jpg\" class=\"attachment-medium size-medium wp-image-983\" alt=\"\" srcset=\"https:\/\/www.mavlastedit.cz\/wp-content\/uploads\/2025\/08\/HanaValtova-1-300x200.jpg 300w, https:\/\/www.mavlastedit.cz\/wp-content\/uploads\/2025\/08\/HanaValtova-1-1024x683.jpg 1024w, https:\/\/www.mavlastedit.cz\/wp-content\/uploads\/2025\/08\/HanaValtova-1-768x512.jpg 768w, https:\/\/www.mavlastedit.cz\/wp-content\/uploads\/2025\/08\/HanaValtova-1-1536x1024.jpg 1536w, https:\/\/www.mavlastedit.cz\/wp-content\/uploads\/2025\/08\/HanaValtova-1-2048x1365.jpg 2048w\" sizes=\"(max-width: 300px) 100vw, 300px\" \/><\/div><\/a>\n\t\t\t\t<div class=\"elementor-post__text\">\n\t\t\t\t<h2 class=\"elementor-post__title\">\n\t\t\t<a href=\"https:\/\/www.mavlastedit.cz\/en\/hana-valtova\/\" >\n\t\t\t\tHANA VALTOV\u00c1\t\t\t<\/a>\n\t\t<\/h2>\n\t\t\t\t<\/div>\n\t\t\t\t\t<\/div>\n\t\t<\/article>\n\t\t\t\t<article class=\"elementor-post elementor-grid-item post-804 post type-post status-publish format-standard has-post-thumbnail hentry category-designeri\" role=\"listitem\">\n\t\t\t<div class=\"elementor-post__card\">\n\t\t\t\t<a class=\"elementor-post__thumbnail__link\" href=\"https:\/\/www.mavlastedit.cz\/en\/heavens-jeans\/\" tabindex=\"-1\" ><div class=\"elementor-post__thumbnail\"><img loading=\"lazy\" decoding=\"async\" width=\"300\" height=\"199\" src=\"https:\/\/www.mavlastedit.cz\/wp-content\/uploads\/2025\/08\/Heavens-Jeans-300x199.jpg\" class=\"attachment-medium size-medium wp-image-805\" alt=\"\" srcset=\"https:\/\/www.mavlastedit.cz\/wp-content\/uploads\/2025\/08\/Heavens-Jeans-300x199.jpg 300w, https:\/\/www.mavlastedit.cz\/wp-content\/uploads\/2025\/08\/Heavens-Jeans-1024x680.jpg 1024w, https:\/\/www.mavlastedit.cz\/wp-content\/uploads\/2025\/08\/Heavens-Jeans-768x510.jpg 768w, https:\/\/www.mavlastedit.cz\/wp-content\/uploads\/2025\/08\/Heavens-Jeans-1536x1021.jpg 1536w, https:\/\/www.mavlastedit.cz\/wp-content\/uploads\/2025\/08\/Heavens-Jeans-2048x1361.jpg 2048w\" sizes=\"(max-width: 300px) 100vw, 300px\" \/><\/div><\/a>\n\t\t\t\t<div class=\"elementor-post__text\">\n\t\t\t\t<h2 class=\"elementor-post__title\">\n\t\t\t<a href=\"https:\/\/www.mavlastedit.cz\/en\/heavens-jeans\/\" >\n\t\t\t\tHEAVENS JEANS\t\t\t<\/a>\n\t\t<\/h2>\n\t\t\t\t<\/div>\n\t\t\t\t\t<\/div>\n\t\t<\/article>\n\t\t\t\t<article class=\"elementor-post elementor-grid-item post-781 post type-post status-publish format-standard has-post-thumbnail hentry category-designeri\" role=\"listitem\">\n\t\t\t<div class=\"elementor-post__card\">\n\t\t\t\t<a class=\"elementor-post__thumbnail__link\" href=\"https:\/\/www.mavlastedit.cz\/en\/jana-rollo\/\" tabindex=\"-1\" ><div class=\"elementor-post__thumbnail\"><img loading=\"lazy\" decoding=\"async\" width=\"300\" height=\"200\" src=\"https:\/\/www.mavlastedit.cz\/wp-content\/uploads\/2025\/08\/MA-VLAST3596-1-300x200.jpg\" class=\"attachment-medium size-medium wp-image-987\" alt=\"\" srcset=\"https:\/\/www.mavlastedit.cz\/wp-content\/uploads\/2025\/08\/MA-VLAST3596-1-300x200.jpg 300w, https:\/\/www.mavlastedit.cz\/wp-content\/uploads\/2025\/08\/MA-VLAST3596-1-1024x683.jpg 1024w, https:\/\/www.mavlastedit.cz\/wp-content\/uploads\/2025\/08\/MA-VLAST3596-1-768x512.jpg 768w, https:\/\/www.mavlastedit.cz\/wp-content\/uploads\/2025\/08\/MA-VLAST3596-1-1536x1024.jpg 1536w, https:\/\/www.mavlastedit.cz\/wp-content\/uploads\/2025\/08\/MA-VLAST3596-1-2048x1365.jpg 2048w\" sizes=\"(max-width: 300px) 100vw, 300px\" \/><\/div><\/a>\n\t\t\t\t<div class=\"elementor-post__text\">\n\t\t\t\t<h2 class=\"elementor-post__title\">\n\t\t\t<a href=\"https:\/\/www.mavlastedit.cz\/en\/jana-rollo\/\" >\n\t\t\t\tJANA ROLLO\t\t\t<\/a>\n\t\t<\/h2>\n\t\t\t\t<\/div>\n\t\t\t\t\t<\/div>\n\t\t<\/article>\n\t\t\t\t<article class=\"elementor-post elementor-grid-item post-771 post type-post status-publish format-standard has-post-thumbnail hentry category-designeri\" role=\"listitem\">\n\t\t\t<div class=\"elementor-post__card\">\n\t\t\t\t<a class=\"elementor-post__thumbnail__link\" href=\"https:\/\/www.mavlastedit.cz\/en\/petra-kafka\/\" tabindex=\"-1\" ><div class=\"elementor-post__thumbnail\"><img loading=\"lazy\" decoding=\"async\" width=\"300\" height=\"200\" src=\"https:\/\/www.mavlastedit.cz\/wp-content\/uploads\/2025\/08\/KAFKA-1-300x200.jpg\" class=\"attachment-medium size-medium wp-image-1004\" alt=\"\" srcset=\"https:\/\/www.mavlastedit.cz\/wp-content\/uploads\/2025\/08\/KAFKA-1-300x200.jpg 300w, https:\/\/www.mavlastedit.cz\/wp-content\/uploads\/2025\/08\/KAFKA-1-1024x683.jpg 1024w, https:\/\/www.mavlastedit.cz\/wp-content\/uploads\/2025\/08\/KAFKA-1-768x512.jpg 768w, https:\/\/www.mavlastedit.cz\/wp-content\/uploads\/2025\/08\/KAFKA-1-1536x1024.jpg 1536w, https:\/\/www.mavlastedit.cz\/wp-content\/uploads\/2025\/08\/KAFKA-1-2048x1366.jpg 2048w\" sizes=\"(max-width: 300px) 100vw, 300px\" \/><\/div><\/a>\n\t\t\t\t<div class=\"elementor-post__text\">\n\t\t\t\t<h2 class=\"elementor-post__title\">\n\t\t\t<a href=\"https:\/\/www.mavlastedit.cz\/en\/petra-kafka\/\" >\n\t\t\t\tKAFKA FASHION\t\t\t<\/a>\n\t\t<\/h2>\n\t\t\t\t<\/div>\n\t\t\t\t\t<\/div>\n\t\t<\/article>\n\t\t\t\t<\/div>\n\t\t\n\t\t\t\t<div class=\"e-load-more-anchor\" data-page=\"1\" data-max-page=\"3\" data-next-page=\"https:\/\/www.mavlastedit.cz\/en\/wp-json\/wp\/v2\/pages\/481\/page\/2\/\"><\/div>\n\t\t\t\t<nav class=\"elementor-pagination\" aria-label=\"Pagination\">\n\t\t\t<span aria-current=\"page\" class=\"page-numbers current\"><span class=\"elementor-screen-only\">Page<\/span>1<\/span>\n<a class=\"page-numbers\" href=\"https:\/\/www.mavlastedit.cz\/en\/wp-json\/wp\/v2\/pages\/481\/page\/2\/\"><span class=\"elementor-screen-only\">Page<\/span>2<\/a>\n<a class=\"page-numbers\" href=\"https:\/\/www.mavlastedit.cz\/en\/wp-json\/wp\/v2\/pages\/481\/page\/3\/\"><span class=\"elementor-screen-only\">Page<\/span>3<\/a>\t\t<\/nav>\n\t\t\t\t\t\t<\/div>\n\t\t\t\t<\/div>\n\t\t\t\t\t<\/div>\n\t\t\t\t<\/div>\n\t\t\t\t<\/div>","protected":false},"excerpt":{"rendered":"<p>TV\u016eRCI P\u0159edstavujeme designery, zna\u010dky a<\/p>","protected":false},"author":1,"featured_media":0,"parent":0,"menu_order":0,"comment_status":"closed","ping_status":"closed","template":"elementor_header_footer","meta":{"footnotes":""},"class_list":["post-481","page","type-page","status-publish","hentry"],"_links":{"self":[{"href":"https:\/\/www.mavlastedit.cz\/en\/wp-json\/wp\/v2\/pages\/481","targetHints":{"allow":["GET"]}}],"collection":[{"href":"https:\/\/www.mavlastedit.cz\/en\/wp-json\/wp\/v2\/pages"}],"about":[{"href":"https:\/\/www.mavlastedit.cz\/en\/wp-json\/wp\/v2\/types\/page"}],"author":[{"embeddable":true,"href":"https:\/\/www.mavlastedit.cz\/en\/wp-json\/wp\/v2\/users\/1"}],"replies":[{"embeddable":true,"href":"https:\/\/www.mavlastedit.cz\/en\/wp-json\/wp\/v2\/comments?post=481"}],"version-history":[{"count":48,"href":"https:\/\/www.mavlastedit.cz\/en\/wp-json\/wp\/v2\/pages\/481\/revisions"}],"predecessor-version":[{"id":1387,"href":"https:\/\/www.mavlastedit.cz\/en\/wp-json\/wp\/v2\/pages\/481\/revisions\/1387"}],"wp:attachment":[{"href":"https:\/\/www.mavlastedit.cz\/en\/wp-json\/wp\/v2\/media?parent=481"}],"curies":[{"name":"wp","href":"https:\/\/api.w.org\/{rel}","templated":true}]}}