{"id":51,"date":"2025-07-03T20:47:09","date_gmt":"2025-07-03T20:47:09","guid":{"rendered":"https:\/\/www.mavlastedit.cz\/contact-us\/"},"modified":"2025-09-01T07:11:36","modified_gmt":"2025-09-01T07:11:36","slug":"kontakt","status":"publish","type":"page","link":"https:\/\/www.mavlastedit.cz\/en\/kontakt\/","title":{"rendered":"Contact"},"content":{"rendered":"<div data-elementor-type=\"wp-page\" data-elementor-id=\"51\" class=\"elementor elementor-51\" data-elementor-settings=\"{&quot;ha_cmc_init_switcher&quot;:&quot;no&quot;}\" wpc-filter-elementor-widget=\"1\" data-elementor-post-type=\"page\">\n\t\t\t\t<div class=\"elementor-element elementor-element-239295d e-flex e-con-boxed e-con e-parent\" data-id=\"239295d\" data-element_type=\"container\" data-settings=\"{&quot;_ha_eqh_enable&quot;:false}\">\n\t\t\t\t\t<div class=\"e-con-inner\">\n\t\t\t\t<div class=\"elementor-element elementor-element-e5c5498 elementor-widget elementor-widget-spacer\" data-id=\"e5c5498\" data-element_type=\"widget\" data-widget_type=\"spacer.default\">\n\t\t\t\t\t\t\t<div class=\"elementor-spacer\">\n\t\t\t<div class=\"elementor-spacer-inner\"><\/div>\n\t\t<\/div>\n\t\t\t\t\t\t<\/div>\n\t\t\t\t\t<\/div>\n\t\t\t\t<\/div>\n\t\t<div class=\"elementor-element elementor-element-4930686 e-flex e-con-boxed e-con e-parent\" data-id=\"4930686\" data-element_type=\"container\" data-settings=\"{&quot;_ha_eqh_enable&quot;:false}\">\n\t\t\t\t\t<div class=\"e-con-inner\">\n\t\t<div class=\"elementor-element elementor-element-d047d23 e-con-full e-flex e-con e-child\" data-id=\"d047d23\" data-element_type=\"container\" data-settings=\"{&quot;_ha_eqh_enable&quot;:false}\">\n\t\t<div class=\"elementor-element elementor-element-d0c225d e-con-full e-flex e-con e-child\" data-id=\"d0c225d\" data-element_type=\"container\" data-settings=\"{&quot;_ha_eqh_enable&quot;:false}\">\n\t\t\t\t<div class=\"elementor-element elementor-element-9f940f9 elementor-widget elementor-widget-heading\" data-id=\"9f940f9\" data-element_type=\"widget\" data-widget_type=\"heading.default\">\n\t\t\t\t\t<h1 class=\"elementor-heading-title elementor-size-default\">Want to collaborate with us?<\/h1>\t\t\t\t<\/div>\n\t\t<div class=\"elementor-element elementor-element-7b05310 e-flex e-con-boxed e-con e-child\" data-id=\"7b05310\" data-element_type=\"container\" data-settings=\"{&quot;_ha_eqh_enable&quot;:false}\">\n\t\t\t\t\t<div class=\"e-con-inner\">\n\t\t\t\t<div class=\"elementor-element elementor-element-82c5992 elementor-widget elementor-widget-text-editor\" data-id=\"82c5992\" data-element_type=\"widget\" data-widget_type=\"text-editor.default\">\n\t\t\t\t\t\t\t\t\t<p>mavlastedit@gmail.com<\/p>\t\t\t\t\t\t\t\t<\/div>\n\t\t<div class=\"elementor-element elementor-element-674e345 e-con-full e-flex e-con e-child\" data-id=\"674e345\" data-element_type=\"container\" data-settings=\"{&quot;_ha_eqh_enable&quot;:false}\">\n\t\t<div class=\"elementor-element elementor-element-6f82b24 e-con-full e-flex e-con e-child\" data-id=\"6f82b24\" data-element_type=\"container\" data-settings=\"{&quot;_ha_eqh_enable&quot;:false}\">\n\t\t\t\t<div class=\"elementor-element elementor-element-a539d37 elementor-widget-divider--view-line elementor-widget elementor-widget-divider\" data-id=\"a539d37\" data-element_type=\"widget\" data-widget_type=\"divider.default\">\n\t\t\t\t\t\t\t<div class=\"elementor-divider\">\n\t\t\t<span class=\"elementor-divider-separator\">\n\t\t\t\t\t\t<\/span>\n\t\t<\/div>\n\t\t\t\t\t\t<\/div>\n\t\t\t\t<div class=\"elementor-element elementor-element-2b21acc elementor-widget elementor-widget-text-editor\" data-id=\"2b21acc\" data-element_type=\"widget\" data-widget_type=\"text-editor.default\">\n\t\t\t\t\t\t\t\t\t<p>Ma vlast EDIT 08 partners:<\/p><p><a href=\"https:\/\/www.instagram.com\/cashonly_studio_production\/\">Studio Cash Only<\/a><br \/><a href=\"https:\/\/arkhe.cz\/\">arkhe.Atelier<\/a><br \/><a href=\"https:\/\/www.mbpfw.com\/\">Mercedes-Benz Prague Fashion Week<\/a><br \/><a href=\"https:\/\/www.almanachotels.com\/praguex\/\">Hotel Almanac X Alcron Prague<\/a><br \/><a href=\"https:\/\/fleur21.cz\/\">FLEUR 21<\/a><br \/><a href=\"https:\/\/www.necojakocola.cz\/\">N\u011bco jako<\/a><br \/><a href=\"https:\/\/eshop.nemleko.cz\/\">Bacilli<\/a><br \/><a href=\"https:\/\/www.datlea.cz\/\">Datlea<\/a><br \/><a href=\"https:\/\/www.helenaheinz.com\/\">Helena Heinz<\/a><br \/><a href=\"https:\/\/www.instagram.com\/reza_blumen\/\">Reza Blumen<\/a><\/p><p>\u00a0<\/p>\t\t\t\t\t\t\t\t<\/div>\n\t\t\t\t<\/div>\n\t\t\t\t<\/div>\n\t\t\t\t\t<\/div>\n\t\t\t\t<\/div>\n\t\t\t\t<\/div>\n\t\t\t\t<\/div>\n\t\t<div class=\"elementor-element elementor-element-9872fe0 e-con-full e-flex e-con e-child\" data-id=\"9872fe0\" data-element_type=\"container\" data-settings=\"{&quot;_ha_eqh_enable&quot;:false}\">\n\t\t<div class=\"elementor-element elementor-element-9e7cc86 e-con-full e-flex e-con e-child\" data-id=\"9e7cc86\" data-element_type=\"container\" data-settings=\"{&quot;_ha_eqh_enable&quot;:false}\">\n\t\t\t\t<div class=\"elementor-element elementor-element-30a658f elementor-widget elementor-widget-image\" data-id=\"30a658f\" data-element_type=\"widget\" data-widget_type=\"image.default\">\n\t\t\t\t\t\t\t\t\t\t\t\t\t\t\t<img fetchpriority=\"high\" decoding=\"async\" width=\"600\" height=\"339\" src=\"https:\/\/www.mavlastedit.cz\/wp-content\/uploads\/2025\/08\/MV-color_3-1.svg\" class=\"attachment-large size-large wp-image-1018\" alt=\"\" \/>\t\t\t\t\t\t\t\t\t\t\t\t\t\t\t<\/div>\n\t\t\t\t<\/div>\n\t\t\t\t<\/div>\n\t\t\t\t\t<\/div>\n\t\t\t\t<\/div>\n\t\t\t\t<\/div>","protected":false},"excerpt":{"rendered":"<p>CHCETE S N\u00c1MI SPOLUPRACOVAT? mavlastedit@gmail.com Partne\u0159i M\u00e1 vlast EDIT 08: Studio Cash Onlyarkhe.AtelierMercedes-Benz Prague Fashion WeekHotel Almanac X Alcron PragueFLEUR 21N\u011bco jakoBacilliDatleaHelena HeinzReza Blumen \u00a0<\/p>","protected":false},"author":1,"featured_media":0,"parent":0,"menu_order":0,"comment_status":"closed","ping_status":"closed","template":"elementor_header_footer","meta":{"footnotes":""},"class_list":["post-51","page","type-page","status-publish","hentry"],"_links":{"self":[{"href":"https:\/\/www.mavlastedit.cz\/en\/wp-json\/wp\/v2\/pages\/51","targetHints":{"allow":["GET"]}}],"collection":[{"href":"https:\/\/www.mavlastedit.cz\/en\/wp-json\/wp\/v2\/pages"}],"about":[{"href":"https:\/\/www.mavlastedit.cz\/en\/wp-json\/wp\/v2\/types\/page"}],"author":[{"embeddable":true,"href":"https:\/\/www.mavlastedit.cz\/en\/wp-json\/wp\/v2\/users\/1"}],"replies":[{"embeddable":true,"href":"https:\/\/www.mavlastedit.cz\/en\/wp-json\/wp\/v2\/comments?post=51"}],"version-history":[{"count":71,"href":"https:\/\/www.mavlastedit.cz\/en\/wp-json\/wp\/v2\/pages\/51\/revisions"}],"predecessor-version":[{"id":1216,"href":"https:\/\/www.mavlastedit.cz\/en\/wp-json\/wp\/v2\/pages\/51\/revisions\/1216"}],"wp:attachment":[{"href":"https:\/\/www.mavlastedit.cz\/en\/wp-json\/wp\/v2\/media?parent=51"}],"curies":[{"name":"wp","href":"https:\/\/api.w.org\/{rel}","templated":true}]}}