{"id":54,"date":"2025-07-03T20:47:09","date_gmt":"2025-07-03T20:47:09","guid":{"rendered":"https:\/\/www.mavlastedit.cz\/about\/"},"modified":"2025-08-30T19:07:56","modified_gmt":"2025-08-30T19:07:56","slug":"o-nas","status":"publish","type":"page","link":"https:\/\/www.mavlastedit.cz\/en\/o-nas\/","title":{"rendered":"O N\u00c1S"},"content":{"rendered":"<div data-elementor-type=\"wp-page\" data-elementor-id=\"54\" class=\"elementor elementor-54\" data-elementor-settings=\"{&quot;ha_cmc_init_switcher&quot;:&quot;no&quot;}\" wpc-filter-elementor-widget=\"1\" data-elementor-post-type=\"page\">\n\t\t\t\t<div class=\"elementor-element elementor-element-1ca4fe5a e-flex e-con-boxed e-con e-parent\" data-id=\"1ca4fe5a\" data-element_type=\"container\" data-settings=\"{&quot;_ha_eqh_enable&quot;:false}\">\n\t\t\t\t\t<div class=\"e-con-inner\">\n\t\t<div class=\"elementor-element elementor-element-4b544139 e-con-full e-flex e-con e-child\" data-id=\"4b544139\" data-element_type=\"container\" data-settings=\"{&quot;_ha_eqh_enable&quot;:false}\">\n\t\t\t\t<div class=\"elementor-element elementor-element-78bb0c57 elementor-widget elementor-widget-heading\" data-id=\"78bb0c57\" data-element_type=\"widget\" data-widget_type=\"heading.default\">\n\t\t\t\t\t<h1 class=\"elementor-heading-title elementor-size-default\">about us<\/h1>\t\t\t\t<\/div>\n\t\t\t\t<div class=\"elementor-element elementor-element-0680b14 elementor-widget elementor-widget-image\" data-id=\"0680b14\" data-element_type=\"widget\" data-widget_type=\"image.default\">\n\t\t\t\t\t\t\t\t\t\t\t\t\t\t\t<img fetchpriority=\"high\" decoding=\"async\" width=\"265\" height=\"541\" src=\"https:\/\/www.mavlastedit.cz\/wp-content\/uploads\/2025\/08\/luhyahaje-kvety-30.png\" class=\"attachment-large size-large wp-image-737\" alt=\"\" srcset=\"https:\/\/www.mavlastedit.cz\/wp-content\/uploads\/2025\/08\/luhyahaje-kvety-30.png 265w, https:\/\/www.mavlastedit.cz\/wp-content\/uploads\/2025\/08\/luhyahaje-kvety-30-147x300.png 147w\" sizes=\"(max-width: 265px) 100vw, 265px\" \/>\t\t\t\t\t\t\t\t\t\t\t\t\t\t\t<\/div>\n\t\t\t\t<\/div>\n\t\t<div class=\"elementor-element elementor-element-10528809 e-con-full e-flex e-con e-child\" data-id=\"10528809\" data-element_type=\"container\" data-settings=\"{&quot;_ha_eqh_enable&quot;:false}\">\n\t\t\t\t<div class=\"elementor-element elementor-element-592be505 elementor-widget elementor-widget-text-editor\" data-id=\"592be505\" data-element_type=\"widget\" data-widget_type=\"text-editor.default\">\n\t\t\t\t\t\t\t\t\t<p><em>\"Bed\u0159ich Smetana composed his symphonic poems Vy\u0161ehrad and Vltava after he had already gone deaf, yet he created an extraordinary work that we cherish\u2014one we celebrate on every significant occasion, and which seems to be etched into the very soul of every child. Right now, let us reflect on who made our clothes. Let\u2019s buy fashion consciously, care for each piece in our wardrobe with joy, and wear it with pride. We take the same thoughtful approach when surrounding ourselves with design and art in our private spaces. And alongside that, we read Czech and Slovak literature, sing our iconic songs, and watch films by Forman, Menzel, and Chytilov\u00e1.\"<\/em><\/p><p><strong>Ma vlast EDIT<\/strong> was established in June 2020 as a response from fashion insiders to the impact of Covid on the local fashion scene and industry. Through a sales-oriented pop-up showroom, we showcased the current work of several dozen fashion designers\u2014both emerging and established\u2014supporting their continued presence and creativity. We conceived the event not only as a celebration of fashion, but also as a symbol of overcoming the first wave of the pandemic and the renewed desire to connect.<\/p>\t\t\t\t\t\t\t\t<\/div>\n\t\t<div class=\"elementor-element elementor-element-676afb9 e-con-full e-flex e-con e-child\" data-id=\"676afb9\" data-element_type=\"container\" data-settings=\"{&quot;_ha_eqh_enable&quot;:false}\">\n\t\t\t\t<div class=\"elementor-element elementor-element-15947ad elementor-widget elementor-widget-image\" data-id=\"15947ad\" data-element_type=\"widget\" data-widget_type=\"image.default\">\n\t\t\t\t\t\t\t\t\t\t\t\t\t\t\t<img decoding=\"async\" width=\"800\" height=\"634\" src=\"https:\/\/www.mavlastedit.cz\/wp-content\/uploads\/2025\/08\/L1000750-1-scaled-e1754293071203-1024x812.jpg\" class=\"attachment-large size-large wp-image-639\" alt=\"\" srcset=\"https:\/\/www.mavlastedit.cz\/wp-content\/uploads\/2025\/08\/L1000750-1-scaled-e1754293071203-1024x812.jpg 1024w, https:\/\/www.mavlastedit.cz\/wp-content\/uploads\/2025\/08\/L1000750-1-scaled-e1754293071203-300x238.jpg 300w, https:\/\/www.mavlastedit.cz\/wp-content\/uploads\/2025\/08\/L1000750-1-scaled-e1754293071203-768x609.jpg 768w, https:\/\/www.mavlastedit.cz\/wp-content\/uploads\/2025\/08\/L1000750-1-scaled-e1754293071203-1536x1217.jpg 1536w, https:\/\/www.mavlastedit.cz\/wp-content\/uploads\/2025\/08\/L1000750-1-scaled-e1754293071203.jpg 1707w\" sizes=\"(max-width: 800px) 100vw, 800px\" \/>\t\t\t\t\t\t\t\t\t\t\t\t\t\t\t<\/div>\n\t\t<div class=\"elementor-element elementor-element-5554f4b e-con-full e-flex e-con e-child\" data-id=\"5554f4b\" data-element_type=\"container\" data-settings=\"{&quot;_ha_eqh_enable&quot;:false}\">\n\t\t\t\t<div class=\"elementor-element elementor-element-0aaf330 elementor-widget elementor-widget-text-editor\" data-id=\"0aaf330\" data-element_type=\"widget\" data-widget_type=\"text-editor.default\">\n\t\t\t\t\t\t\t\t\t<p>Over the past five years, we have organized a total of seven events, creating a unique cultural format that brings the work of local creators closer to the general public. Our aim is to break down barriers between the world of design and everyday audiences through these events. The pop-up showrooms are not merely retail spaces\u2014they primarily serve as places for connection, dialogue, and exchange. The atmosphere of each showroom is carefully designed to enhance the visitor experience, offering not only aesthetic value but also intellectual depth.<\/p><p><strong>Ma vlast EDIT<\/strong>\u00a0connects contemporary Czech and Slovak fashion, beauty, and design with unconventional locations\u2014often ones not typically accessible to the public.\u00a0<em>The project also focuses on developing the platform as a space for interdisciplinary dialogue\u2014bringing together creators, visitors, professionals, and the media.<\/em><\/p><p><strong>Ma vlast EDIT<\/strong> was founded by Ivona Petru\u017e\u00e1lkov\u00e1 and Magda \u017d\u016frkov\u00e1. The current team also includes Barbora Karol\u00edna \u010cih\u00e1kov\u00e1 and Karel Hlad\u00edk.<\/p>\t\t\t\t\t\t\t\t<\/div>\n\t\t\t\t<div class=\"elementor-element elementor-element-4963e05 elementor-widget elementor-widget-image\" data-id=\"4963e05\" data-element_type=\"widget\" data-widget_type=\"image.default\">\n\t\t\t\t\t\t\t\t\t\t\t\t\t\t\t<img decoding=\"async\" width=\"800\" height=\"534\" src=\"https:\/\/www.mavlastedit.cz\/wp-content\/uploads\/2025\/08\/L1000514-3-1-1024x683.jpg\" class=\"attachment-large size-large wp-image-659\" alt=\"\" srcset=\"https:\/\/www.mavlastedit.cz\/wp-content\/uploads\/2025\/08\/L1000514-3-1-1024x683.jpg 1024w, https:\/\/www.mavlastedit.cz\/wp-content\/uploads\/2025\/08\/L1000514-3-1-300x200.jpg 300w, https:\/\/www.mavlastedit.cz\/wp-content\/uploads\/2025\/08\/L1000514-3-1-768x512.jpg 768w, https:\/\/www.mavlastedit.cz\/wp-content\/uploads\/2025\/08\/L1000514-3-1-1536x1025.jpg 1536w, https:\/\/www.mavlastedit.cz\/wp-content\/uploads\/2025\/08\/L1000514-3-1-2048x1367.jpg 2048w\" sizes=\"(max-width: 800px) 100vw, 800px\" \/>\t\t\t\t\t\t\t\t\t\t\t\t\t\t\t<\/div>\n\t\t\t\t<\/div>\n\t\t\t\t<\/div>\n\t\t\t\t<\/div>\n\t\t\t\t\t<\/div>\n\t\t\t\t<\/div>\n\t\t<div class=\"elementor-element elementor-element-5bdea24e e-flex e-con-boxed e-con e-parent\" data-id=\"5bdea24e\" data-element_type=\"container\" data-settings=\"{&quot;_ha_eqh_enable&quot;:false}\">\n\t\t\t\t\t<div class=\"e-con-inner\">\n\t\t\t\t\t<\/div>\n\t\t\t\t<\/div>\n\t\t\t\t<\/div>","protected":false},"excerpt":{"rendered":"<p>o n\u00e1s &#8222;Bed\u0159ich Smetana sv\u00e9 symfonick\u00e9 b\u00e1sn\u011b Vy\u0161ehrad i Vltavu dokon\u010dil u\u017e jako nesly\u0161\u00edc\u00ed, p\u0159esto stvo\u0159il v\u00fdjime\u010dn\u00e9 d\u00edlo, kter\u00e9 milujeme, oslavujeme j\u00edm ka\u017ed\u00e9 v\u00fdznamn\u00e9 v\u00fdro\u010d\u00ed, a kter\u00e9 m\u00e1 zapsan\u00e9 pod k\u016f\u017e\u00ed snad i ka\u017ed\u00e9 mal\u00e9 d\u00edt\u011b. Pr\u00e1v\u011b te\u010f p\u0159em\u00fd\u0161lejme nad t\u00edm, kdo u\u0161il na\u0161e oble\u010den\u00ed. M\u00f3du kupujeme v\u011bdom\u011b, pe\u010dujme o ka\u017ed\u00fd kus v \u0161atn\u00edku s [&hellip;]<\/p>","protected":false},"author":1,"featured_media":0,"parent":0,"menu_order":0,"comment_status":"closed","ping_status":"closed","template":"elementor_header_footer","meta":{"footnotes":""},"class_list":["post-54","page","type-page","status-publish","hentry"],"_links":{"self":[{"href":"https:\/\/www.mavlastedit.cz\/en\/wp-json\/wp\/v2\/pages\/54","targetHints":{"allow":["GET"]}}],"collection":[{"href":"https:\/\/www.mavlastedit.cz\/en\/wp-json\/wp\/v2\/pages"}],"about":[{"href":"https:\/\/www.mavlastedit.cz\/en\/wp-json\/wp\/v2\/types\/page"}],"author":[{"embeddable":true,"href":"https:\/\/www.mavlastedit.cz\/en\/wp-json\/wp\/v2\/users\/1"}],"replies":[{"embeddable":true,"href":"https:\/\/www.mavlastedit.cz\/en\/wp-json\/wp\/v2\/comments?post=54"}],"version-history":[{"count":32,"href":"https:\/\/www.mavlastedit.cz\/en\/wp-json\/wp\/v2\/pages\/54\/revisions"}],"predecessor-version":[{"id":1130,"href":"https:\/\/www.mavlastedit.cz\/en\/wp-json\/wp\/v2\/pages\/54\/revisions\/1130"}],"wp:attachment":[{"href":"https:\/\/www.mavlastedit.cz\/en\/wp-json\/wp\/v2\/media?parent=54"}],"curies":[{"name":"wp","href":"https:\/\/api.w.org\/{rel}","templated":true}]}}