{"id":77,"date":"2025-07-03T20:47:18","date_gmt":"2025-07-03T20:47:18","guid":{"rendered":"https:\/\/www.mavlastedit.cz\/home\/"},"modified":"2026-04-07T11:30:56","modified_gmt":"2026-04-07T11:30:56","slug":"home","status":"publish","type":"page","link":"https:\/\/www.mavlastedit.cz\/en\/","title":{"rendered":"Home"},"content":{"rendered":"<div data-elementor-type=\"wp-page\" data-elementor-id=\"77\" class=\"elementor elementor-77\" data-elementor-settings=\"{&quot;ha_cmc_init_switcher&quot;:&quot;no&quot;}\" wpc-filter-elementor-widget=\"1\" data-elementor-post-type=\"page\">\n\t\t\t\t<div class=\"elementor-element elementor-element-44c6064c e-con-full e-flex e-con e-parent\" data-id=\"44c6064c\" data-element_type=\"container\" data-settings=\"{&quot;_ha_eqh_enable&quot;:false}\">\n\t\t<div class=\"elementor-element elementor-element-7213f3c3 e-con-full e-flex e-con e-child\" data-id=\"7213f3c3\" data-element_type=\"container\" data-settings=\"{&quot;_ha_eqh_enable&quot;:false}\">\n\t\t\t\t<div class=\"elementor-element elementor-element-175c82aa elementor-cta--skin-classic elementor-animated-content elementor-bg-transform elementor-bg-transform-zoom-in elementor-widget elementor-widget-call-to-action\" data-id=\"175c82aa\" data-element_type=\"widget\" data-settings=\"{&quot;_animation&quot;:&quot;none&quot;}\" data-widget_type=\"call-to-action.default\">\n\t\t\t\t\t\t\t<div class=\"elementor-cta\">\n\t\t\t\t\t\t\t<div class=\"elementor-cta__content\">\n\t\t\t\t\n\t\t\t\t\t\t\t\t\t<h1 class=\"elementor-cta__title elementor-cta__content-item elementor-content-item\">\n\t\t\t\t\t\tIndependent platform celebrating Czechoslovakian creativity\t\t\t\t\t<\/h1>\n\t\t\t\t\n\t\t\t\t\t\t\t\t\t<div class=\"elementor-cta__description elementor-cta__content-item elementor-content-item\">\n\t\t\t\t\t\tMa vlast EDIT is a curated pop-up showroom showcasing local fashion and design. We meet at the intersection of tradition and contenporary spirit \u2013 where craftsmanship, aesthetics, and culture converge. \nA significant part of the platform is the developement of an interdisciplinary dialogue \u2013 connecting creators, visitors, professionals, and the media.\t\t\t\t\t<\/div>\n\t\t\t\t\n\t\t\t\t\t\t\t<\/div>\n\t\t\t\t\t\t<\/div>\n\t\t\t\t\t\t<\/div>\n\t\t\t\t<\/div>\n\t\t<div class=\"elementor-element elementor-element-33060ef2 e-con-full e-flex e-con e-child\" data-id=\"33060ef2\" data-element_type=\"container\" data-settings=\"{&quot;_ha_eqh_enable&quot;:false}\">\n\t\t\t\t<div class=\"elementor-element elementor-element-919ccaa e-transform animated-slow elementor-view-default elementor-invisible elementor-widget elementor-widget-icon\" data-id=\"919ccaa\" data-element_type=\"widget\" data-settings=\"{&quot;motion_fx_motion_fx_mouse&quot;:&quot;yes&quot;,&quot;motion_fx_mouseTrack_effect&quot;:&quot;yes&quot;,&quot;motion_fx_mouseTrack_direction&quot;:&quot;negative&quot;,&quot;motion_fx_mouseTrack_speed&quot;:{&quot;unit&quot;:&quot;px&quot;,&quot;size&quot;:&quot;0.2&quot;,&quot;sizes&quot;:[]},&quot;_transform_scale_effect_hover&quot;:{&quot;unit&quot;:&quot;px&quot;,&quot;size&quot;:&quot;1.1&quot;,&quot;sizes&quot;:[]},&quot;motion_fx_motion_fx_scrolling&quot;:&quot;yes&quot;,&quot;motion_fx_devices&quot;:[&quot;desktop&quot;],&quot;_animation&quot;:&quot;fadeIn&quot;,&quot;_transform_scale_effect_hover_tablet&quot;:{&quot;unit&quot;:&quot;px&quot;,&quot;size&quot;:&quot;&quot;,&quot;sizes&quot;:[]},&quot;_transform_scale_effect_hover_mobile&quot;:{&quot;unit&quot;:&quot;px&quot;,&quot;size&quot;:&quot;&quot;,&quot;sizes&quot;:[]}}\" data-widget_type=\"icon.default\">\n\t\t\t\t\t\t\t<div class=\"elementor-icon-wrapper\">\n\t\t\t<div class=\"elementor-icon\">\n\t\t\t<svg xmlns=\"http:\/\/www.w3.org\/2000\/svg\" id=\"Layer_1\" data-name=\"Layer 1\" viewbox=\"0 0 467.65 394.17\"><defs><style>      .cls-1 {        fill: #1a1a1a;      }    <\/style><\/defs><path class=\"cls-1\" d=\"M456.11,128.08v-.03h11.53V55.69h-11.53c-12.19,0-16.9-4.14-29.95-17.22C410.88,23.15,387.78,0,344.98,0s-65.9,23.15-81.19,38.47c-13.05,13.08-17.76,17.22-29.95,17.22s-16.9-4.14-29.95-17.22C188.6,23.15,165.49,0,122.69,0S56.78,23.15,41.5,38.47c-13.05,13.08-17.76,17.22-29.95,17.22v72.39c42.8,0,65.91-23.15,81.19-38.47,13.05-13.08,17.76-17.22,29.95-17.22s16.9,4.14,29.95,17.22c15.29,15.32,38.39,38.47,81.19,38.47s65.9-23.15,81.19-38.47c13.05-13.08,17.76-17.22,29.95-17.22s16.9,4.14,29.95,17.21c15.29,15.32,38.39,38.47,81.19,38.47Z\"><\/path><path class=\"cls-1\" d=\"M456.11,261.12v-.03h11.54v-72.36h-11.54c-12.19,0-16.9-4.13-29.95-17.21-15.29-15.32-38.39-38.47-81.19-38.47s-65.9,23.15-81.19,38.47c-13.05,13.08-17.76,17.22-29.95,17.22s-16.9-4.14-29.95-17.22c-15.29-15.32-38.39-38.47-81.19-38.47s-65.91,23.15-81.19,38.47c-13.05,13.08-17.76,17.22-29.95,17.22h0s-11.54,0-11.54,0v72.36h11.54v.03c42.8,0,65.91-23.15,81.19-38.47,13.05-13.08,17.76-17.22,29.95-17.22s16.9,4.14,29.95,17.22c15.29,15.32,38.39,38.47,81.19,38.47s65.9-23.15,81.19-38.47c13.05-13.08,17.76-17.22,29.95-17.22s16.9,4.14,29.95,17.21c15.29,15.32,38.39,38.47,81.19,38.47Z\"><\/path><path class=\"cls-1\" d=\"M233.83,394.17c42.8,0,65.9-23.15,81.19-38.47,13.05-13.08,17.76-17.22,29.95-17.22s16.9,4.14,29.95,17.21c15.29,15.32,38.39,38.47,81.19,38.47h11.54v-72.36h-11.54v-.03c-12.19,0-16.9-4.14-29.95-17.21-15.29-15.32-38.39-38.47-81.19-38.47s-65.9,23.15-81.19,38.47c-13.05,13.08-17.76,17.22-29.95,17.22s-16.9-4.14-29.95-17.22c-15.29-15.32-38.39-38.47-81.19-38.47s-65.91,23.15-81.19,38.47c-13.05,13.08-17.76,17.22-29.95,17.22v.03H0v72.36h11.54c42.8,0,65.91-23.15,81.19-38.47,13.05-13.08,17.76-17.22,29.95-17.22s16.9,4.14,29.95,17.22c15.29,15.32,38.39,38.47,81.19,38.47Z\"><\/path><rect class=\"cls-1\" y=\"55.69\" width=\"11.54\" height=\"72.36\"><\/rect><\/svg>\t\t\t<\/div>\n\t\t<\/div>\n\t\t\t\t\t\t<\/div>\n\t\t\t\t<div class=\"elementor-element elementor-element-8b29528 animated-slow e-transform e-transform elementor-view-default elementor-invisible elementor-widget elementor-widget-icon\" data-id=\"8b29528\" data-element_type=\"widget\" data-settings=\"{&quot;_transform_scale_effect_hover&quot;:{&quot;unit&quot;:&quot;px&quot;,&quot;size&quot;:1.100000000000000088817841970012523233890533447265625,&quot;sizes&quot;:[]},&quot;_animation&quot;:&quot;rotateIn&quot;,&quot;_transform_rotateZ_effect_hover&quot;:{&quot;unit&quot;:&quot;px&quot;,&quot;size&quot;:15,&quot;sizes&quot;:[]},&quot;_transform_rotateZ_effect_hover_tablet&quot;:{&quot;unit&quot;:&quot;deg&quot;,&quot;size&quot;:&quot;&quot;,&quot;sizes&quot;:[]},&quot;_transform_rotateZ_effect_hover_mobile&quot;:{&quot;unit&quot;:&quot;deg&quot;,&quot;size&quot;:&quot;&quot;,&quot;sizes&quot;:[]},&quot;_transform_scale_effect_hover_tablet&quot;:{&quot;unit&quot;:&quot;px&quot;,&quot;size&quot;:&quot;&quot;,&quot;sizes&quot;:[]},&quot;_transform_scale_effect_hover_mobile&quot;:{&quot;unit&quot;:&quot;px&quot;,&quot;size&quot;:&quot;&quot;,&quot;sizes&quot;:[]}}\" data-widget_type=\"icon.default\">\n\t\t\t\t\t\t\t<div class=\"elementor-icon-wrapper\">\n\t\t\t<div class=\"elementor-icon\">\n\t\t\t<svg xmlns=\"http:\/\/www.w3.org\/2000\/svg\" id=\"Layer_1\" data-name=\"Layer 1\" viewbox=\"0 0 474.23 467.02\"><defs><style>      .cls-1 {        fill: #1a1a1a;      }    <\/style><\/defs><path class=\"cls-1\" d=\"M474.23,239.61l-139.51-24.6,122.68-70.83-33.9-58.71-122.68,70.82,48.45-133.11L285.58,0l-48.46,133.13L188.67,0l-63.71,23.18,48.45,133.11L50.73,85.47l-33.9,58.71,122.68,70.83L0,239.61l11.78,66.76,139.5-24.6-91.05,108.52,51.93,43.58,91.06-108.52v141.67h67.79v-141.67l91.05,108.52,51.93-43.58-91.05-108.52,139.51,24.6,11.77-66.76ZM308.85,273.62l-43.4-7.65v44.08l-28.33-33.76-28.32,33.75v-44.07l-43.4,7.65,28.32-33.76-38.17-22.03,43.41-7.65-15.08-41.42,38.17,22.04,15.07-41.4,15.07,41.4,38.17-22.04-15.08,41.42,43.41,7.65-38.17,22.03,28.33,33.76Z\"><\/path><\/svg>\t\t\t<\/div>\n\t\t<\/div>\n\t\t\t\t\t\t<\/div>\n\t\t\t\t<div class=\"elementor-element elementor-element-4f1916cf e-transform animated-slow elementor-view-default elementor-invisible elementor-widget elementor-widget-icon\" data-id=\"4f1916cf\" data-element_type=\"widget\" data-settings=\"{&quot;motion_fx_motion_fx_mouse&quot;:&quot;yes&quot;,&quot;motion_fx_mouseTrack_effect&quot;:&quot;yes&quot;,&quot;motion_fx_mouseTrack_speed&quot;:{&quot;unit&quot;:&quot;px&quot;,&quot;size&quot;:0.299999999999999988897769753748434595763683319091796875,&quot;sizes&quot;:[]},&quot;_transform_scale_effect_hover&quot;:{&quot;unit&quot;:&quot;px&quot;,&quot;size&quot;:1.1999999999999999555910790149937383830547332763671875,&quot;sizes&quot;:[]},&quot;motion_fx_motion_fx_scrolling&quot;:&quot;yes&quot;,&quot;motion_fx_devices&quot;:[&quot;desktop&quot;],&quot;_animation&quot;:&quot;fadeIn&quot;,&quot;_transform_scale_effect_hover_tablet&quot;:{&quot;unit&quot;:&quot;px&quot;,&quot;size&quot;:&quot;&quot;,&quot;sizes&quot;:[]},&quot;_transform_scale_effect_hover_mobile&quot;:{&quot;unit&quot;:&quot;px&quot;,&quot;size&quot;:&quot;&quot;,&quot;sizes&quot;:[]}}\" data-widget_type=\"icon.default\">\n\t\t\t\t\t\t\t<div class=\"elementor-icon-wrapper\">\n\t\t\t<div class=\"elementor-icon\">\n\t\t\t<svg xmlns=\"http:\/\/www.w3.org\/2000\/svg\" id=\"Layer_1\" data-name=\"Layer 1\" viewbox=\"0 0 264.36 540\"><defs><style>      .cls-1 {        fill: #1a1a1a;      }    <\/style><\/defs><path class=\"cls-1\" d=\"M207.49,350.95c-8.4,0-16.36,1.83-23.53,5.1,3.27-7.17,5.1-15.14,5.1-23.53,0-31.41-25.46-56.87-56.87-56.87s-56.87,25.46-56.87,56.87c0,8.4,1.83,16.36,5.1,23.53-7.17-3.27-15.14-5.1-23.53-5.1-31.41,0-56.87,25.46-56.87,56.87s25.46,56.87,56.87,56.87c8.4,0,16.36-1.83,23.53-5.1-3.27,7.17-5.1,15.13-5.1,23.53,0,31.41,25.46,56.87,56.87,56.87s56.87-25.46,56.87-56.87c0-8.4-1.83-16.36-5.1-23.53,7.17,3.27,15.14,5.1,23.53,5.1,31.41,0,56.87-25.46,56.87-56.87s-25.46-56.87-56.87-56.87ZM108.65,431.35c3.27-7.17,5.1-15.14,5.1-23.53s-1.83-16.36-5.1-23.53c7.17,3.27,15.14,5.1,23.53,5.1s16.36-1.83,23.53-5.1c-3.27,7.17-5.1,15.14-5.1,23.53s1.83,16.36,5.1,23.53c-7.17-3.27-15.14-5.1-23.53-5.1s-16.36,1.83-23.53,5.1Z\"><\/path><path class=\"cls-1\" d=\"M207.49,75.31c-8.4,0-16.36,1.83-23.53,5.1,3.27-7.17,5.1-15.13,5.1-23.53,0-31.41-25.46-56.87-56.87-56.87s-56.87,25.46-56.87,56.87c0,8.4,1.83,16.36,5.1,23.53-7.17-3.27-15.13-5.1-23.53-5.1C25.46,75.3,0,100.77,0,132.18s25.46,56.87,56.87,56.87c8.4,0,16.36-1.83,23.53-5.1-3.27,7.17-5.1,15.14-5.1,23.53,0,31.41,25.46,56.87,56.87,56.87s56.87-25.46,56.87-56.87c0-8.4-1.83-16.36-5.1-23.53,7.17,3.27,15.14,5.1,23.53,5.1,31.41,0,56.87-25.46,56.87-56.87s-25.46-56.87-56.87-56.87ZM108.65,155.71c3.27-7.17,5.1-15.14,5.1-23.53s-1.83-16.36-5.1-23.53c7.17,3.27,15.14,5.1,23.53,5.1s16.36-1.83,23.53-5.1c-3.27,7.17-5.1,15.13-5.1,23.53s1.83,16.36,5.1,23.53c-7.17-3.27-15.14-5.1-23.53-5.1s-16.36,1.83-23.53,5.1Z\"><\/path><\/svg>\t\t\t<\/div>\n\t\t<\/div>\n\t\t\t\t\t\t<\/div>\n\t\t\t\t<div class=\"elementor-element elementor-element-4d8a09bd animated-slow e-transform elementor-view-default elementor-invisible elementor-widget elementor-widget-icon\" data-id=\"4d8a09bd\" data-element_type=\"widget\" data-settings=\"{&quot;_animation&quot;:&quot;fadeIn&quot;,&quot;_transform_translateY_effect_hover&quot;:{&quot;unit&quot;:&quot;px&quot;,&quot;size&quot;:15,&quot;sizes&quot;:[]},&quot;_transform_translateX_effect_hover&quot;:{&quot;unit&quot;:&quot;px&quot;,&quot;size&quot;:&quot;&quot;,&quot;sizes&quot;:[]},&quot;_transform_translateX_effect_hover_tablet&quot;:{&quot;unit&quot;:&quot;px&quot;,&quot;size&quot;:&quot;&quot;,&quot;sizes&quot;:[]},&quot;_transform_translateX_effect_hover_mobile&quot;:{&quot;unit&quot;:&quot;px&quot;,&quot;size&quot;:&quot;&quot;,&quot;sizes&quot;:[]},&quot;_transform_translateY_effect_hover_tablet&quot;:{&quot;unit&quot;:&quot;px&quot;,&quot;size&quot;:&quot;&quot;,&quot;sizes&quot;:[]},&quot;_transform_translateY_effect_hover_mobile&quot;:{&quot;unit&quot;:&quot;px&quot;,&quot;size&quot;:&quot;&quot;,&quot;sizes&quot;:[]}}\" data-widget_type=\"icon.default\">\n\t\t\t\t\t\t\t<div class=\"elementor-icon-wrapper\">\n\t\t\t<div class=\"elementor-icon\">\n\t\t\t<svg xmlns=\"http:\/\/www.w3.org\/2000\/svg\" id=\"Layer_1\" data-name=\"Layer 1\" viewbox=\"0 0 459.69 356.05\"><defs><style>      .cls-1 {        fill: #1a1a1a;      }    <\/style><\/defs><path class=\"cls-1\" d=\"M0,279.84v76.21h459.69v-76.21H0ZM0,169.2v76.21h459.69v-76.21H0Z\"><\/path><g><circle class=\"cls-1\" cx=\"229.85\" cy=\"65.71\" r=\"65.71\"><\/circle><path class=\"cls-1\" d=\"M0,0c36.29,0,65.71,29.42,65.71,65.71S36.29,131.43,0,131.43\"><\/path><path class=\"cls-1\" d=\"M459.69,131.43c-36.29,0-65.71-29.42-65.71-65.71S423.4,0,459.69,0\"><\/path><\/g><\/svg>\t\t\t<\/div>\n\t\t<\/div>\n\t\t\t\t\t\t<\/div>\n\t\t\t\t<\/div>\n\t\t\t\t<\/div>\n\t\t<div class=\"elementor-element elementor-element-62785e8 e-flex e-con-boxed e-con e-parent\" data-id=\"62785e8\" data-element_type=\"container\" data-settings=\"{&quot;_ha_eqh_enable&quot;:false}\">\n\t\t\t\t\t<div class=\"e-con-inner\">\n\t\t\t\t<div class=\"elementor-element elementor-element-2050ce2 elementor-widget elementor-widget-video\" data-id=\"2050ce2\" data-element_type=\"widget\" data-settings=\"{&quot;video_type&quot;:&quot;hosted&quot;,&quot;autoplay&quot;:&quot;yes&quot;,&quot;mute&quot;:&quot;yes&quot;}\" data-widget_type=\"video.default\">\n\t\t\t\t\t\t\t<div class=\"e-hosted-video elementor-wrapper elementor-open-inline\">\n\t\t\t\t\t<video class=\"elementor-video\" src=\"https:\/\/www.mavlastedit.cz\/wp-content\/uploads\/2025\/07\/Ma-Vlast-film-v01.mov\" autoplay=\"\" muted=\"muted\" controlslist=\"nodownload\"><\/video>\n\t\t\t\t<\/div>\n\t\t\t\t\t\t<\/div>\n\t\t\t\t\t<\/div>\n\t\t\t\t<\/div>\n\t\t<div class=\"elementor-element elementor-element-dc03876 e-flex e-con-boxed e-con e-parent\" data-id=\"dc03876\" data-element_type=\"container\" data-settings=\"{&quot;_ha_eqh_enable&quot;:false}\">\n\t\t\t\t\t<div class=\"e-con-inner\">\n\t\t<div class=\"elementor-element elementor-element-e1828ea e-con-full e-flex e-con e-child\" data-id=\"e1828ea\" data-element_type=\"container\" data-settings=\"{&quot;_ha_eqh_enable&quot;:false}\">\n\t\t\t\t<div class=\"elementor-element elementor-element-b8b250f elementor-widget elementor-widget-heading\" data-id=\"b8b250f\" data-element_type=\"widget\" data-widget_type=\"heading.default\">\n\t\t\t\t\t<h2 class=\"elementor-heading-title elementor-size-default\">MA VLAST EDIT 09<\/h2>\t\t\t\t<\/div>\n\t\t\t\t<div class=\"elementor-element elementor-element-342497a0 elementor-widget elementor-widget-text-editor\" data-id=\"342497a0\" data-element_type=\"widget\" data-widget_type=\"text-editor.default\">\n\t\t\t\t\t\t\t\t\t<p dir=\"ltr\">OPEN CALL pro dev\u00e1t\u00fd EDIT pr\u00e1v\u011b b\u011b\u017e\u00ed. V\u00edce informac\u00ed naleznete v odkazu.<\/p><p dir=\"ltr\">The M\u00e1 vlast EDIT pop-up showroom is intended for brands and creators with depth. Those who want to tell their story and present their work in an unconventional way.\u00a0<\/p>\t\t\t\t\t\t\t\t<\/div>\n\t\t\t\t<div class=\"elementor-element elementor-element-f208b8d elementor-mobile-align-center elementor-widget elementor-widget-button\" data-id=\"f208b8d\" data-element_type=\"widget\" data-widget_type=\"button.default\">\n\t\t\t\t\t\t\t\t\t\t<a class=\"elementor-button elementor-button-link elementor-size-sm\" href=\"https:\/\/www.mavlastedit.cz\/open-call-edit-09\/\">\n\t\t\t\t\t\t<span class=\"elementor-button-content-wrapper\">\n\t\t\t\t\t\t\t\t\t<span class=\"elementor-button-text\">OPEN CALL P\u0158IHL\u00c1\u0160KA<\/span>\n\t\t\t\t\t<\/span>\n\t\t\t\t\t<\/a>\n\t\t\t\t\t\t\t\t<\/div>\n\t\t\t\t<\/div>\n\t\t<div class=\"elementor-element elementor-element-d27ffbd e-con-full e-flex e-con e-child\" data-id=\"d27ffbd\" data-element_type=\"container\" data-settings=\"{&quot;_ha_eqh_enable&quot;:false}\">\n\t\t\t\t<div class=\"elementor-element elementor-element-2561b56 elementor-widget elementor-widget-image\" data-id=\"2561b56\" data-element_type=\"widget\" data-widget_type=\"image.default\">\n\t\t\t\t\t\t\t\t\t\t\t\t\t\t\t<img fetchpriority=\"high\" decoding=\"async\" width=\"769\" height=\"1024\" src=\"https:\/\/www.mavlastedit.cz\/wp-content\/uploads\/2025\/08\/Copy-of-lrMA-VLAST2903-769x1024.png\" class=\"attachment-large size-large wp-image-1196\" alt=\"OPEN CALL M\u00e1 vlast EDIT 09\" srcset=\"https:\/\/www.mavlastedit.cz\/wp-content\/uploads\/2025\/08\/Copy-of-lrMA-VLAST2903-769x1024.png 769w, https:\/\/www.mavlastedit.cz\/wp-content\/uploads\/2025\/08\/Copy-of-lrMA-VLAST2903-225x300.png 225w, https:\/\/www.mavlastedit.cz\/wp-content\/uploads\/2025\/08\/Copy-of-lrMA-VLAST2903-768x1023.png 768w, https:\/\/www.mavlastedit.cz\/wp-content\/uploads\/2025\/08\/Copy-of-lrMA-VLAST2903-9x12.png 9w, https:\/\/www.mavlastedit.cz\/wp-content\/uploads\/2025\/08\/Copy-of-lrMA-VLAST2903.png 900w\" sizes=\"(max-width: 769px) 100vw, 769px\" \/>\t\t\t\t\t\t\t\t\t\t\t\t\t\t\t<\/div>\n\t\t\t\t<\/div>\n\t\t\t\t\t<\/div>\n\t\t\t\t<\/div>\n\t\t\t\t<\/div>","protected":false},"excerpt":{"rendered":"<p>Nez\u00e1visl\u00e1 platforma oslavuj\u00edc\u00ed \u010deskoslovenskou tvorbu M\u00e1 vlast EDIT je kur\u00e1torovan\u00fd pop-up showroom s lok\u00e1ln\u00ed m\u00f3dou a designem. Setk\u00e1v\u00e1me se na pomez\u00ed tradice a sou\u010dasnosti \u2013 mezi \u0159emeslem, estetikou a kulturou. Sou\u010d\u00e1st\u00ed projektu je i rozvoj platformy jako prostoru pro mezioborov\u00fd dialog \u2013 mezi tv\u016frci, n\u00e1v\u0161t\u011bvn\u00edky, odbornou ve\u0159ejnost\u00ed a m\u00e9dii. https:\/\/www.mavlastedit.cz\/wp-content\/uploads\/2025\/07\/Ma-Vlast-film-v01.mov MA VLAST EDIT 09 OPEN [&hellip;]<\/p>","protected":false},"author":1,"featured_media":0,"parent":0,"menu_order":0,"comment_status":"closed","ping_status":"closed","template":"elementor_header_footer","meta":{"footnotes":""},"class_list":["post-77","page","type-page","status-publish","hentry"],"_links":{"self":[{"href":"https:\/\/www.mavlastedit.cz\/en\/wp-json\/wp\/v2\/pages\/77","targetHints":{"allow":["GET"]}}],"collection":[{"href":"https:\/\/www.mavlastedit.cz\/en\/wp-json\/wp\/v2\/pages"}],"about":[{"href":"https:\/\/www.mavlastedit.cz\/en\/wp-json\/wp\/v2\/types\/page"}],"author":[{"embeddable":true,"href":"https:\/\/www.mavlastedit.cz\/en\/wp-json\/wp\/v2\/users\/1"}],"replies":[{"embeddable":true,"href":"https:\/\/www.mavlastedit.cz\/en\/wp-json\/wp\/v2\/comments?post=77"}],"version-history":[{"count":184,"href":"https:\/\/www.mavlastedit.cz\/en\/wp-json\/wp\/v2\/pages\/77\/revisions"}],"predecessor-version":[{"id":1422,"href":"https:\/\/www.mavlastedit.cz\/en\/wp-json\/wp\/v2\/pages\/77\/revisions\/1422"}],"wp:attachment":[{"href":"https:\/\/www.mavlastedit.cz\/en\/wp-json\/wp\/v2\/media?parent=77"}],"curies":[{"name":"wp","href":"https:\/\/api.w.org\/{rel}","templated":true}]}}